{"id":14,"date":"2026-02-09T10:52:43","date_gmt":"2026-02-09T13:52:43","guid":{"rendered":"http:\/\/jbbaurupecas.com.br\/?page_id=14"},"modified":"2026-02-11T13:36:44","modified_gmt":"2026-02-11T16:36:44","slug":"contato","status":"publish","type":"page","link":"https:\/\/jbbaurupecas.com.br\/?page_id=14","title":{"rendered":"Contato"},"content":{"rendered":"\n<div class=\"wp-block-group is-layout-constrained wp-block-group-is-layout-constrained\">\n<h1 class=\"wp-block-heading has-x-large-font-size\"><strong>Fale com a JB Distribuidora de Autope\u00e7as<\/strong><\/h1>\n\n\n\n<p>Nossa equipe est\u00e1 pronta para atender e auxiliar na escolha das pe\u00e7as mais adequadas para a sua necessidade.<br>Entre em contato para solicitar or\u00e7amento, consultar disponibilidade ou esclarecer d\u00favidas sobre produtos e condi\u00e7\u00f5es comerciais.<\/p>\n\n\n\n<div class=\"wp-block-buttons is-layout-flex wp-block-buttons-is-layout-flex\">\n<div class=\"wp-block-button\"><a class=\"wp-block-button__link wp-element-button\">Fale com a gente<\/a><\/div>\n<\/div>\n<\/div>\n\n\n\n<div class=\"wp-block-group is-layout-constrained wp-block-group-is-layout-constrained\">\n<h2 class=\"wp-block-heading\">Canais de atendimento<\/h2>\n\n\n\n<p>Atendemos em hor\u00e1rio comercial, de segunda a sexta-feira, com atendimento direcionado conforme a sua demanda.<\/p>\n\n\n\n<ul class=\"wp-block-list\">\n<li>\ud83d\udcde <strong>Telefone comercial:<\/strong> (XX) XXXX-XXXX<\/li>\n\n\n\n<li>\ud83d\udcac <strong>WhatsApp comercial:<\/strong> (XX) XXXXX-XXXX<\/li>\n\n\n\n<li>\ud83d\udce7 <strong>E-mail:<\/strong> <a href=\"mailto:contato@jbbaurupecas.com.br\" data-type=\"mailto\" data-id=\"mailto:contato@jbbaurupecas.com.br\"><a href=\"mailto:contato@jbbaurupecas.com.br\">contato@jbbaurupecas.com.br<\/a><\/a><\/li>\n<\/ul>\n<\/div>\n\n\n\n<div class=\"wp-block-group is-layout-constrained wp-block-group-is-layout-constrained\">\n<h2 class=\"wp-block-heading\">Localiza\u00e7\u00e3o<\/h2>\n\n\n\n<p>Estamos sediados em <strong>Bauru \u2013 SP<\/strong>, com opera\u00e7\u00e3o voltada ao atendimento regional e envios para todo o Brasil.<br>Nosso atendimento \u00e9 <strong>operacional<\/strong>, sem balc\u00e3o f\u00edsico para retirada.<\/p>\n<\/div>\n\n\n\n<div class=\"wp-block-group is-layout-constrained wp-block-group-is-layout-constrained\">\n<h2 class=\"wp-block-heading\">Solicite um or\u00e7amento<\/h2>\n\n\n\n<p>Fale com nossa equipe e tenha um atendimento \u00e1gil, direto e focado na sua necessidade.<br>Estamos prontos para ser o parceiro que mant\u00e9m o seu neg\u00f3cio em movimento.<\/p>\n\n\n\n<div class=\"wp-block-buttons is-layout-flex wp-block-buttons-is-layout-flex\">\n<div class=\"wp-block-button\"><a class=\"wp-block-button__link wp-element-button\">Entrar em contato<\/a><\/div>\n<\/div>\n<\/div>\n","protected":false},"excerpt":{"rendered":"<p>Fale com a JB Distribuidora de Autope\u00e7as Nossa equipe est\u00e1 pronta para atender e auxiliar na escolha das pe\u00e7as mais [&hellip;]<\/p>\n","protected":false},"author":1,"featured_media":0,"parent":0,"menu_order":0,"comment_status":"closed","ping_status":"closed","template":"","meta":{"site-sidebar-layout":"default","site-content-layout":"","ast-site-content-layout":"narrow-width-container","site-content-style":"default","site-sidebar-style":"default","ast-global-header-display":"","ast-banner-title-visibility":"","ast-main-header-display":"","ast-hfb-above-header-display":"","ast-hfb-below-header-display":"","ast-hfb-mobile-header-display":"","site-post-title":"disabled","ast-breadcrumbs-content":"","ast-featured-img":"","footer-sml-layout":"","ast-disable-related-posts":"","theme-transparent-header-meta":"","adv-header-id-meta":"","stick-header-meta":"","header-above-stick-meta":"","header-main-stick-meta":"","header-below-stick-meta":"","astra-migrate-meta-layouts":"default","ast-page-background-enabled":"default","ast-page-background-meta":{"desktop":{"background-color":"var(--ast-global-color-5)","background-image":"","background-repeat":"repeat","background-position":"center center","background-size":"auto","background-attachment":"scroll","background-type":"","background-media":"","overlay-type":"","overlay-color":"","overlay-opacity":"","overlay-gradient":""},"tablet":{"background-color":"","background-image":"","background-repeat":"repeat","background-position":"center center","background-size":"auto","background-attachment":"scroll","background-type":"","background-media":"","overlay-type":"","overlay-color":"","overlay-opacity":"","overlay-gradient":""},"mobile":{"background-color":"","background-image":"","background-repeat":"repeat","background-position":"center center","background-size":"auto","background-attachment":"scroll","background-type":"","background-media":"","overlay-type":"","overlay-color":"","overlay-opacity":"","overlay-gradient":""}},"ast-content-background-meta":{"desktop":{"background-color":"var(--ast-global-color-4)","background-image":"","background-repeat":"repeat","background-position":"center center","background-size":"auto","background-attachment":"scroll","background-type":"","background-media":"","overlay-type":"","overlay-color":"","overlay-opacity":"","overlay-gradient":""},"tablet":{"background-color":"var(--ast-global-color-4)","background-image":"","background-repeat":"repeat","background-position":"center center","background-size":"auto","background-attachment":"scroll","background-type":"","background-media":"","overlay-type":"","overlay-color":"","overlay-opacity":"","overlay-gradient":""},"mobile":{"background-color":"var(--ast-global-color-4)","background-image":"","background-repeat":"repeat","background-position":"center center","background-size":"auto","background-attachment":"scroll","background-type":"","background-media":"","overlay-type":"","overlay-color":"","overlay-opacity":"","overlay-gradient":""}},"footnotes":""},"class_list":["post-14","page","type-page","status-publish","hentry"],"_links":{"self":[{"href":"https:\/\/jbbaurupecas.com.br\/index.php?rest_route=\/wp\/v2\/pages\/14","targetHints":{"allow":["GET"]}}],"collection":[{"href":"https:\/\/jbbaurupecas.com.br\/index.php?rest_route=\/wp\/v2\/pages"}],"about":[{"href":"https:\/\/jbbaurupecas.com.br\/index.php?rest_route=\/wp\/v2\/types\/page"}],"author":[{"embeddable":true,"href":"https:\/\/jbbaurupecas.com.br\/index.php?rest_route=\/wp\/v2\/users\/1"}],"replies":[{"embeddable":true,"href":"https:\/\/jbbaurupecas.com.br\/index.php?rest_route=%2Fwp%2Fv2%2Fcomments&post=14"}],"version-history":[{"count":14,"href":"https:\/\/jbbaurupecas.com.br\/index.php?rest_route=\/wp\/v2\/pages\/14\/revisions"}],"predecessor-version":[{"id":136,"href":"https:\/\/jbbaurupecas.com.br\/index.php?rest_route=\/wp\/v2\/pages\/14\/revisions\/136"}],"wp:attachment":[{"href":"https:\/\/jbbaurupecas.com.br\/index.php?rest_route=%2Fwp%2Fv2%2Fmedia&parent=14"}],"curies":[{"name":"wp","href":"https:\/\/api.w.org\/{rel}","templated":true}]}}