{"id":6,"date":"2026-02-09T10:49:10","date_gmt":"2026-02-09T13:49:10","guid":{"rendered":"http:\/\/jbbaurupecas.com.br\/?page_id=6"},"modified":"2026-02-12T17:27:26","modified_gmt":"2026-02-12T20:27:26","slug":"inicio","status":"publish","type":"page","link":"https:\/\/jbbaurupecas.com.br\/","title":{"rendered":"In\u00edcio"},"content":{"rendered":"\n<div class=\"wp-block-group alignfull has-background is-layout-flow wp-container-core-group-is-layout-055afcbb wp-block-group-is-layout-flow\" style=\"border-style:none;border-width:0px;border-top-left-radius:0px;border-top-right-radius:0px;border-bottom-left-radius:0px;border-bottom-right-radius:0px;background:linear-gradient(90deg,rgb(35,86,176) 17%,rgb(11,36,77) 97%);min-height:0px;margin-top:0px;margin-bottom:0px;box-shadow:none\">\n<div class=\"wp-block-group is-layout-constrained wp-container-core-group-is-layout-bea02a06 wp-block-group-is-layout-constrained\">\n<h1 class=\"wp-block-heading has-text-align-left has-white-color has-text-color has-link-color wp-elements-20b18218e7e9036eba3eb9335681eec8\" style=\"font-size:52px\">Estrutura e agilidade para quem <mark style=\"background-color:rgba(0, 0, 0, 0);color:#43a1ff\" class=\"has-inline-color\">n\u00e3o pode parar<\/mark>.<\/h1>\n\n\n\n<div style=\"height:32px\" aria-hidden=\"true\" class=\"wp-block-spacer\"><\/div>\n\n\n\n<p class=\"has-white-color has-text-color has-link-color wp-elements-1e4ea00f52651e5e53b8dd590c542876\">Mais de <strong>20 anos no mercado<\/strong>. Estoque pr\u00f3prio. Envios para <strong>todo o Brasil<\/strong>.<\/p>\n\n\n\n<p class=\"has-white-color has-text-color has-link-color wp-elements-651933ace59d7608964ee513e6dd3ef3\">Estrutura de quem entende que <strong>o seu neg\u00f3cio n\u00e3o espera<\/strong>.<\/p>\n\n\n\n<div style=\"height:32px\" aria-hidden=\"true\" class=\"wp-block-spacer\"><\/div>\n\n\n\n<div class=\"wp-block-buttons is-content-justification-left is-nowrap is-layout-flex wp-container-core-buttons-is-layout-3b827690 wp-block-buttons-is-layout-flex\" style=\"margin-top:var(--wp--preset--spacing--40);margin-bottom:var(--wp--preset--spacing--40);padding-top:0;padding-right:0;padding-bottom:0;padding-left:0\">\n<div class=\"wp-block-button is-style-fill\"><a class=\"wp-block-button__link has-medium-font-size has-custom-font-size wp-element-button\" style=\"border-width:12px;border-top-left-radius:14px;border-top-right-radius:14px;border-bottom-left-radius:14px;border-bottom-right-radius:14px;box-shadow:var(--wp--preset--shadow--natural);font-style:normal;font-weight:700\"><strong>F<\/strong>alar com nossa equipe<\/a><\/div>\n\n\n\n<div class=\"wp-block-button\"><a class=\"wp-block-button__link has-medium-font-size has-custom-font-size wp-element-button\" style=\"border-width:12px;border-top-left-radius:14px;border-top-right-radius:14px;border-bottom-left-radius:14px;border-bottom-right-radius:14px;box-shadow:var(--wp--preset--shadow--natural);font-style:normal;font-weight:700\"><strong>Conhecer nosso cat\u00e1logo<\/strong><\/a><\/div>\n<\/div>\n<\/div>\n<\/div>\n\n\n\n<div style=\"height:32px\" aria-hidden=\"true\" class=\"wp-block-spacer\"><\/div>\n\n\n\n<div class=\"wp-block-group alignfull has-background is-layout-constrained wp-container-core-group-is-layout-bea02a06 wp-block-group-is-layout-constrained\" style=\"background:radial-gradient(rgb(255,255,255) 46%,rgb(224,224,224) 100%)\">\n<div style=\"height:32px\" aria-hidden=\"true\" class=\"wp-block-spacer\"><\/div>\n\n\n\n<div class=\"wp-block-group is-layout-constrained wp-container-core-group-is-layout-bea02a06 wp-block-group-is-layout-constrained\">\n<h2 class=\"wp-block-heading has-text-color has-link-color wp-elements-b187e88862f5aa5e35b2ddf531ed1fa7\" style=\"color:#3094f8;font-size:48px;font-style:normal;font-weight:800;line-height:1.1\"><mark style=\"background-color:rgba(0, 0, 0, 0)\" class=\"has-inline-color has-ast-global-color-3-color\">Linhas de<br><\/mark><strong>PRODUTOS<\/strong><\/h2>\n\n\n\n<p>Trabalhamos com um portf\u00f3lio amplo de autope\u00e7as para reposi\u00e7\u00e3o, atendendo \u00e0s principais demandas do mercado automotivo.<\/p>\n\n\n\n<div style=\"height:24px\" aria-hidden=\"true\" class=\"wp-block-spacer\"><\/div>\n\n\n\n<div class=\"wp-block-columns is-layout-flex wp-container-core-columns-is-layout-28f84493 wp-block-columns-is-layout-flex\">\n<div class=\"wp-block-column is-layout-flow wp-block-column-is-layout-flow\">\n<div class=\"wp-block-group has-white-background-color has-background is-layout-flow wp-block-group-is-layout-flow\" style=\"border-top-left-radius:16px;border-top-right-radius:16px;border-bottom-left-radius:16px;border-bottom-right-radius:16px;min-height:0px;padding-top:var(--wp--preset--spacing--30);padding-right:var(--wp--preset--spacing--40);padding-bottom:var(--wp--preset--spacing--30);padding-left:var(--wp--preset--spacing--40);box-shadow:var(--wp--preset--shadow--natural)\">\n<h3 class=\"wp-block-heading has-ast-global-color-2-color has-text-color has-link-color wp-elements-758e0dbefe9cb542c1be9771413bcdcc\"><strong>Suspens\u00e3o<\/strong><\/h3>\n\n\n\n<p>Amortecedores, bandejas, piv\u00f4s e componentes estruturais.<\/p>\n<\/div>\n<\/div>\n\n\n\n<div class=\"wp-block-column is-layout-flow wp-block-column-is-layout-flow\">\n<div class=\"wp-block-group has-white-background-color has-background is-layout-constrained wp-container-core-group-is-layout-d2702112 wp-block-group-is-layout-constrained\" style=\"border-top-left-radius:16px;border-top-right-radius:16px;border-bottom-left-radius:16px;border-bottom-right-radius:16px;padding-top:var(--wp--preset--spacing--30);padding-right:var(--wp--preset--spacing--40);padding-bottom:var(--wp--preset--spacing--30);padding-left:var(--wp--preset--spacing--40);box-shadow:var(--wp--preset--shadow--natural)\">\n<h3 class=\"wp-block-heading has-ast-global-color-2-color has-text-color has-link-color wp-elements-e1b721e61f0dfdd86d7e0aac637ee3b0\"><strong>Motor<\/strong><\/h3>\n\n\n\n<p>Pe\u00e7as de alto giro com proced\u00eancia e disponibilidade real de estoque.<\/p>\n<\/div>\n<\/div>\n<\/div>\n\n\n\n<div class=\"wp-block-columns is-layout-flex wp-container-core-columns-is-layout-28f84493 wp-block-columns-is-layout-flex\">\n<div class=\"wp-block-column is-layout-flow wp-block-column-is-layout-flow\">\n<div class=\"wp-block-group has-white-background-color has-background is-layout-constrained wp-container-core-group-is-layout-d2702112 wp-block-group-is-layout-constrained\" style=\"border-top-left-radius:16px;border-top-right-radius:16px;border-bottom-left-radius:16px;border-bottom-right-radius:16px;padding-top:var(--wp--preset--spacing--30);padding-right:var(--wp--preset--spacing--40);padding-bottom:var(--wp--preset--spacing--30);padding-left:var(--wp--preset--spacing--40);box-shadow:var(--wp--preset--shadow--natural)\">\n<h3 class=\"wp-block-heading has-ast-global-color-2-color has-text-color has-link-color wp-elements-67fffa6cf109f4baab7884b5fae5efc9\"><strong>El\u00e9trica<\/strong><\/h3>\n\n\n\n<p>Sensores, alternadores e sistemas el\u00e9tricos com qualidade homologada.<\/p>\n<\/div>\n<\/div>\n\n\n\n<div class=\"wp-block-column is-layout-flow wp-block-column-is-layout-flow\">\n<div class=\"wp-block-group has-white-background-color has-background is-layout-constrained wp-container-core-group-is-layout-d2702112 wp-block-group-is-layout-constrained\" style=\"border-top-left-radius:16px;border-top-right-radius:16px;border-bottom-left-radius:16px;border-bottom-right-radius:16px;padding-top:var(--wp--preset--spacing--30);padding-right:var(--wp--preset--spacing--40);padding-bottom:var(--wp--preset--spacing--30);padding-left:var(--wp--preset--spacing--40);box-shadow:var(--wp--preset--shadow--natural)\">\n<h3 class=\"wp-block-heading has-ast-global-color-2-color has-text-color has-link-color wp-elements-be46729e936c4f8ea0b71d1e215650b3\"><strong>Acabamento<\/strong><\/h3>\n\n\n\n<p>Para-choques, grades e componentes visuais preparados para pintura.<\/p>\n<\/div>\n<\/div>\n<\/div>\n<\/div>\n\n\n\n<div style=\"height:32px\" aria-hidden=\"true\" class=\"wp-block-spacer\"><\/div>\n<\/div>\n\n\n\n<div class=\"wp-block-group is-layout-constrained wp-container-core-group-is-layout-bea02a06 wp-block-group-is-layout-constrained\">\n<h2 class=\"wp-block-heading\">Por que comprar com a JB Distribuidora<\/h2>\n\n\n\n<p>Nossa opera\u00e7\u00e3o \u00e9 resultado da combina\u00e7\u00e3o entre experi\u00eancia de mercado, estrutura log\u00edstica e vis\u00e3o pr\u00e1tica do dia a dia do cliente.<\/p>\n\n\n\n<p>Atendemos atacado e varejo com foco em alto giro, disponibilidade de estoque e envios r\u00e1pidos para todo o Brasil. Trabalhamos com garantia de proced\u00eancia e suporte no acompanhamento dos pedidos, oferecendo seguran\u00e7a em cada etapa da compra.<\/p>\n\n\n\n<ul class=\"wp-block-list\">\n<li>Mais de 20 anos de experi\u00eancia no mercado de reposi\u00e7\u00e3o<\/li>\n\n\n\n<li>Atendimento em atacado e varejo com foco em alto giro<\/li>\n\n\n\n<li>Agilidade log\u00edstica com envios r\u00e1pidos para todo o Brasil<\/li>\n\n\n\n<li>Garantia de proced\u00eancia e marcas homologadas<\/li>\n\n\n\n<li>Suporte e acompanhamento do pedido do in\u00edcio ao fim<\/li>\n<\/ul>\n<\/div>\n\n\n\n<div class=\"wp-block-group is-layout-constrained wp-container-core-group-is-layout-bea02a06 wp-block-group-is-layout-constrained\">\n<h2 class=\"wp-block-heading\">Atua\u00e7\u00e3o regional com alcance nacional<\/h2>\n\n\n\n<p>Com sede em Bauru \u2013 SP, operamos com log\u00edstica estruturada para atender toda a regi\u00e3o e realizar envios para todo o Brasil, garantindo agilidade e previsibilidade.<\/p>\n<\/div>\n\n\n\n<div class=\"wp-block-group is-layout-constrained wp-container-core-group-is-layout-bea02a06 wp-block-group-is-layout-constrained\">\n<h2 class=\"wp-block-heading\">Atendimento e contato<\/h2>\n\n\n\n<p>Nossa equipe est\u00e1 preparada para orientar e auxiliar na escolha das pe\u00e7as mais adequadas para cada necessidade.<\/p>\n\n\n\n<p>Entre em contato pelo telefone ou WhatsApp comercial para solicitar or\u00e7amento, consultar disponibilidade ou obter mais informa\u00e7\u00f5es sobre nossos produtos e condi\u00e7\u00f5es comerciais.<\/p>\n<\/div>\n","protected":false},"excerpt":{"rendered":"<p>Estrutura e agilidade para quem n\u00e3o pode parar. Mais de 20 anos no mercado. Estoque pr\u00f3prio. Envios para todo o [&hellip;]<\/p>\n","protected":false},"author":1,"featured_media":0,"parent":0,"menu_order":0,"comment_status":"closed","ping_status":"closed","template":"","meta":{"site-sidebar-layout":"default","site-content-layout":"","ast-site-content-layout":"default","site-content-style":"unboxed","site-sidebar-style":"unboxed","ast-global-header-display":"","ast-banner-title-visibility":"","ast-main-header-display":"","ast-hfb-above-header-display":"","ast-hfb-below-header-display":"","ast-hfb-mobile-header-display":"","site-post-title":"disabled","ast-breadcrumbs-content":"","ast-featured-img":"","footer-sml-layout":"","ast-disable-related-posts":"","theme-transparent-header-meta":"","adv-header-id-meta":"","stick-header-meta":"","header-above-stick-meta":"","header-main-stick-meta":"","header-below-stick-meta":"","astra-migrate-meta-layouts":"default","ast-page-background-enabled":"default","ast-page-background-meta":{"desktop":{"background-color":"var(--ast-global-color-5)","background-image":"","background-repeat":"repeat","background-position":"center center","background-size":"auto","background-attachment":"scroll","background-type":"","background-media":"","overlay-type":"","overlay-color":"","overlay-opacity":"","overlay-gradient":""},"tablet":{"background-color":"","background-image":"","background-repeat":"repeat","background-position":"center center","background-size":"auto","background-attachment":"scroll","background-type":"","background-media":"","overlay-type":"","overlay-color":"","overlay-opacity":"","overlay-gradient":""},"mobile":{"background-color":"","background-image":"","background-repeat":"repeat","background-position":"center center","background-size":"auto","background-attachment":"scroll","background-type":"","background-media":"","overlay-type":"","overlay-color":"","overlay-opacity":"","overlay-gradient":""}},"ast-content-background-meta":{"desktop":{"background-color":"var(--ast-global-color-4)","background-image":"","background-repeat":"repeat","background-position":"center center","background-size":"auto","background-attachment":"scroll","background-type":"","background-media":"","overlay-type":"","overlay-color":"","overlay-opacity":"","overlay-gradient":""},"tablet":{"background-color":"var(--ast-global-color-4)","background-image":"","background-repeat":"repeat","background-position":"center center","background-size":"auto","background-attachment":"scroll","background-type":"","background-media":"","overlay-type":"","overlay-color":"","overlay-opacity":"","overlay-gradient":""},"mobile":{"background-color":"var(--ast-global-color-4)","background-image":"","background-repeat":"repeat","background-position":"center center","background-size":"auto","background-attachment":"scroll","background-type":"","background-media":"","overlay-type":"","overlay-color":"","overlay-opacity":"","overlay-gradient":""}},"footnotes":""},"class_list":["post-6","page","type-page","status-publish","hentry"],"_links":{"self":[{"href":"https:\/\/jbbaurupecas.com.br\/index.php?rest_route=\/wp\/v2\/pages\/6","targetHints":{"allow":["GET"]}}],"collection":[{"href":"https:\/\/jbbaurupecas.com.br\/index.php?rest_route=\/wp\/v2\/pages"}],"about":[{"href":"https:\/\/jbbaurupecas.com.br\/index.php?rest_route=\/wp\/v2\/types\/page"}],"author":[{"embeddable":true,"href":"https:\/\/jbbaurupecas.com.br\/index.php?rest_route=\/wp\/v2\/users\/1"}],"replies":[{"embeddable":true,"href":"https:\/\/jbbaurupecas.com.br\/index.php?rest_route=%2Fwp%2Fv2%2Fcomments&post=6"}],"version-history":[{"count":63,"href":"https:\/\/jbbaurupecas.com.br\/index.php?rest_route=\/wp\/v2\/pages\/6\/revisions"}],"predecessor-version":[{"id":198,"href":"https:\/\/jbbaurupecas.com.br\/index.php?rest_route=\/wp\/v2\/pages\/6\/revisions\/198"}],"wp:attachment":[{"href":"https:\/\/jbbaurupecas.com.br\/index.php?rest_route=%2Fwp%2Fv2%2Fmedia&parent=6"}],"curies":[{"name":"wp","href":"https:\/\/api.w.org\/{rel}","templated":true}]}}